{"id":440,"date":"2022-06-23T09:14:21","date_gmt":"2022-06-23T09:14:21","guid":{"rendered":"https:\/\/www.entrenarunning.com\/?page_id=440"},"modified":"2022-06-23T10:29:04","modified_gmt":"2022-06-23T10:29:04","slug":"quenes-somos-espanol","status":"publish","type":"page","link":"https:\/\/www.entrenarunning.com\/?page_id=440&lang=es","title":{"rendered":"QUIENES SOMOS"},"content":{"rendered":"\n<p><\/p>\n\n\n\n<p><strong>ENTRENARUNNING<\/strong> nace de la idea de Santi Canicoba. Entrenador Nacional de Atletismo por la RFEA y M\u00e1ster en Profesorado de Actividades Deportivas pola UNED.<\/p>\n\n\n\n<h1><em>Nos dedicamos a <strong>planificar<\/strong> el camino que conduce a tus objetivos. TE ayudamos a <strong>entrenar<\/strong> para que puedas lograrlos !!!<\/em><\/h1>\n\n\n\n<p>Nuestra filosof\u00eda de trabajo, se basa en alcanzar tus retos deportivos de modo eficaz y seguro. Como expresa nuestra frase de cabecera\u2026..<strong> \u201cNon se trata de ser perfectos, se trata de ser la mejor versi\u00f3n de uno mismo.\u201d<\/strong><\/p>\n\n\n\n<p>Para nosotros, es imprescindible la individualizaci\u00f3n del entrenamiento.\u00a0 Raz\u00f3n por la cual, no podemos  publicar tarifas est\u00e1ndar de entrenamiento. Cubre nuestro  <em><a href=\"https:\/\/forms.gle\/rYLJjCarCbErrcFv7\">formulario<\/a><\/em>, h\u00e1blanos de t\u00ed.<\/p>\n\n\n\n<p>A trav\u00e9s de esta entrevista inicial, valoraremos el modo en que podemos ayudarte\u2026.<\/p>\n\n\n\n<p><strong>\u00bfCuales son tus objetivos?<\/strong><\/p>\n\n\n\n<ul><li>\u00bf<strong><em>Entrenar por placer y sentirte en forma?<\/em><\/strong><\/li><\/ul>\n\n\n\n<p>\u00bfQuieres comezar a correr? \u00bfEst\u00e1s dispuest@ a recorrer parques y  jardines? No lo dudes, Es un deporte que te paortar\u00e1 grandes satisfacciones. Recorre tu lugar de residencia. <strong><em>Pero hazlo de modo seguro y sin lesiones !!<\/em><\/strong><\/p>\n\n\n\n<p><a href=\"https:\/\/forms.gle\/rYLJjCarCbErrcFv7\">Contacta<\/a> con nosotros.<\/p>\n\n\n\n<ul><li>\u00bf<strong><em>C\u00f3mo es tu T\u00c9CNICA de CARRERA?<\/em><\/strong><\/li><\/ul>\n\n\n\n<p>\u00bfLa has practicado alguna vez? Ya conoces los beneficios que te aporta correr, y\u00a0 ahora\u2026 \u00bfPretendes dar un paso m\u00e1s en tus entrenamientos? \u00bfQuieres realizar deporte m\u00e1s d\u00edas a la semana? \u00bfAtreverte con distancias mayores?\u00a0 Pues antes,  te recomendamos que hagas un trabajo de mejora de t\u00e9cnica de carrera. Puede ser una parte fundamental para no lesionarse. y estabecer las bases adecuadas anes de aumentar la carga y crear un patr\u00f3n incorrecto. Acompa\u00f1ado de un trabajo de fuerza adecuado,\u00a0 ser\u00e1n los mejores pasos de todos tus recorridos.<\/p>\n\n\n\n<ul><li>\u00bf<em><strong>Disputar Carreras Populares: 5K, 10K, Media Marat\u00f3n y Marat\u00f3n\u2026.<\/strong>?<br><\/em><\/li><\/ul>\n\n\n\n<p>Hace nada, ten\u00edamos un futuro incerto ante nosotros. <em>\u00bfPero cuando hemos tenido un fututo claro?<\/em>.  <\/p>\n\n\n\n<p>Crees que ha llegado el momento de estar ante una linea de salida de una carrera popular, una competici\u00f3n, o un reto que suponga correr. Ha sido a raiz de una promesa que realizaras si todo sal\u00eda bien\u2026. Una apuesta con tu cu\u00f1ado en una cena familiar.\u00a0 O, esas compa\u00f1eras de trabajo que sal\u00edan a correr todos los d\u00edas, y dec\u00edan que no ser\u00edas capaz\u2026\u2026\u2026.<\/p>\n\n\n\n<p>Cualquiera que sea el motivo, si es el momento, creamos el plan de entrenamiento perfecto para t\u00ed, para que est\u00e9s y te sientas preparad@.\u00a0 Adaptado a los d\u00edas que puedas, intentando ajustarlo a los horarios que las obligaciones te permitan. No renuncies a conseguir tes objetivos runners. <em>Ponte en <a href=\"https:\/\/forms.gle\/rYLJjCarCbErrcFv7\">contacto<\/a> con nosotros.<\/em><\/p>\n\n\n\n<ul><li>\u00bf<strong><em>Superar Probas F\u00edsicas de OPOSICI\u00d3N<\/em><\/strong>?<\/li><\/ul>\n\n\n\n<p>Coment\u00e1bamos sobre los futuros inciertos, pero t\u00fa lo tienes claro.<em><strong> SE TRATA DE TU FUTURO !! <\/strong><\/em>\u00bfPreparas las pruebas por tu cuenta?\u00bfEntrenas con un grupo pero no obtienes los resultados deseados?\u00bfTienes una Academia de Oposiciones y quieres incorporar la oferta de servicios de entrenamiento para Pruebas F\u00edsicas?<\/p>\n\n\n\n<p>Ponte en contacto !!! Te mostraremos como trabajamos. Cuales son nuestros ratios y porcentajes de aprobados. Ofrecemos un RENDIMIENTO ASEGURADO.\u00a0\u00a0 <a href=\"https:\/\/forms.gle\/rYLJjCarCbErrcFv7\">Escr\u00edbenos !!<\/a><\/p>\n\n\n\n<figure class=\"wp-block-image\"><img loading=\"lazy\" width=\"1920\" height=\"582\" src=\"https:\/\/www.entrenarunning.com\/wp-content\/uploads\/2022\/02\/Foto-Composici\u00f3n-pruebas-f\u00edsicas.png\" alt=\"\" class=\"wp-image-416\" srcset=\"https:\/\/www.entrenarunning.com\/wp-content\/uploads\/2022\/02\/Foto-Composici\u00f3n-pruebas-f\u00edsicas.png 1920w, https:\/\/www.entrenarunning.com\/wp-content\/uploads\/2022\/02\/Foto-Composici\u00f3n-pruebas-f\u00edsicas-300x91.png 300w, https:\/\/www.entrenarunning.com\/wp-content\/uploads\/2022\/02\/Foto-Composici\u00f3n-pruebas-f\u00edsicas-768x233.png 768w, https:\/\/www.entrenarunning.com\/wp-content\/uploads\/2022\/02\/Foto-Composici\u00f3n-pruebas-f\u00edsicas-1024x310.png 1024w\" sizes=\"(max-width: 706px) 89vw, (max-width: 767px) 82vw, 740px\" \/><\/figure>\n\n\n\n<ul><li><strong><em>Competici\u00f3n en PISTA e MELLORA de RENDIMENTO<\/em><\/strong><br><\/li><\/ul>\n\n\n\n<p>Te est\u00e1s iniciando y\/o ya conoces la adrenalina\u00a0del tart\u00e1n. Eres un apasionad@ de la velocidad, de los saltos, de los lanzamientos.\u00a0 Buscas quien te dirija, quien estructure tu planificaci\u00f3n y marque los pasos adecuados y haga las correcciones t\u00e9cnicas precisas.<\/p>\n\n\n\n<p>Nuestros entrenadores tienen la fortuna de entrenar\u00a0 y\/o tener entrenado a Atletas vencedores en varios Campeonatos Galegos Absolutos\u00a0 de 60, 100 e 200m . Tambi\u00e9n con varios Campeonatos Galego M\u00e1ster en diferentes disciplinas. Y con m\u00faltiples participaciones en campeonatos en Categor\u00edas menores en velocidad, saltos y lanzamientos.<\/p>\n\n\n\n<p>Si <strong>T\u00da<\/strong> est\u00e1s dispuest@, NOSOTROS tambi\u00e9n !!\u00a0\u00a0 <a href=\"https:\/\/www.entrenarunning.com\/entrenarunning@gmail.com\">entrenarunning@gmail.com<\/a><\/p>\n","protected":false},"excerpt":{"rendered":"<p>ENTRENARUNNING nace de la idea de Santi Canicoba. Entrenador Nacional de Atletismo por la RFEA y M\u00e1ster en Profesorado de Actividades Deportivas pola UNED. Nos dedicamos a planificar el camino que conduce a tus objetivos. TE ayudamos a entrenar para que puedas lograrlos !!! Nuestra filosof\u00eda de trabajo, se basa en alcanzar tus retos deportivos &hellip; <\/p>\n<p class=\"link-more\"><a href=\"https:\/\/www.entrenarunning.com\/?page_id=440&#038;lang=es\" class=\"more-link\">Continuar leyendo<span class=\"screen-reader-text\"> \u00abQUIENES SOMOS\u00bb<\/span><\/a><\/p>\n","protected":false},"author":1,"featured_media":0,"parent":0,"menu_order":0,"comment_status":"closed","ping_status":"closed","template":"","meta":[],"_links":{"self":[{"href":"https:\/\/www.entrenarunning.com\/index.php?rest_route=\/wp\/v2\/pages\/440"}],"collection":[{"href":"https:\/\/www.entrenarunning.com\/index.php?rest_route=\/wp\/v2\/pages"}],"about":[{"href":"https:\/\/www.entrenarunning.com\/index.php?rest_route=\/wp\/v2\/types\/page"}],"author":[{"embeddable":true,"href":"https:\/\/www.entrenarunning.com\/index.php?rest_route=\/wp\/v2\/users\/1"}],"replies":[{"embeddable":true,"href":"https:\/\/www.entrenarunning.com\/index.php?rest_route=%2Fwp%2Fv2%2Fcomments&post=440"}],"version-history":[{"count":3,"href":"https:\/\/www.entrenarunning.com\/index.php?rest_route=\/wp\/v2\/pages\/440\/revisions"}],"predecessor-version":[{"id":447,"href":"https:\/\/www.entrenarunning.com\/index.php?rest_route=\/wp\/v2\/pages\/440\/revisions\/447"}],"wp:attachment":[{"href":"https:\/\/www.entrenarunning.com\/index.php?rest_route=%2Fwp%2Fv2%2Fmedia&parent=440"}],"curies":[{"name":"wp","href":"https:\/\/api.w.org\/{rel}","templated":true}]}}