{"id":306,"date":"2020-04-17T17:39:10","date_gmt":"2020-04-17T17:39:10","guid":{"rendered":"https:\/\/www.entrenarunning.com\/?page_id=306"},"modified":"2022-06-22T18:33:22","modified_gmt":"2022-06-22T18:33:22","slug":"descanso-2","status":"publish","type":"page","link":"https:\/\/www.entrenarunning.com\/?page_id=306","title":{"rendered":"CLUB ENTRENARUNNING"},"content":{"rendered":"<p>Desfruta de pertencer a un grupo. Entrena\u00a0 e compite en <span style=\"color: #ff0000;\"><strong>EQUIPO.<\/strong><\/span><\/p>\n<p><img loading=\"lazy\" class=\"alignnone wp-image-398 size-full\" src=\"https:\/\/www.entrenarunning.com\/wp-content\/uploads\/2022\/02\/Foto-Composici\u00f3n-medallas-Galego-M\u00e1ster-PC-2022.png\" alt=\"\" width=\"1920\" height=\"1080\" srcset=\"https:\/\/www.entrenarunning.com\/wp-content\/uploads\/2022\/02\/Foto-Composici\u00f3n-medallas-Galego-M\u00e1ster-PC-2022.png 1920w, https:\/\/www.entrenarunning.com\/wp-content\/uploads\/2022\/02\/Foto-Composici\u00f3n-medallas-Galego-M\u00e1ster-PC-2022-300x169.png 300w, https:\/\/www.entrenarunning.com\/wp-content\/uploads\/2022\/02\/Foto-Composici\u00f3n-medallas-Galego-M\u00e1ster-PC-2022-768x432.png 768w, https:\/\/www.entrenarunning.com\/wp-content\/uploads\/2022\/02\/Foto-Composici\u00f3n-medallas-Galego-M\u00e1ster-PC-2022-1024x576.png 1024w\" sizes=\"(max-width: 706px) 89vw, (max-width: 767px) 82vw, 740px\" \/><\/p>\n<div class=\"entry-content entry-content-single\">\n<p>Creemos no deporte\u00a0 e na forza que conlevan as uni\u00f3ns e as alianzas.<\/p>\n<p>Fruto desa alianza formamos equipa de atletismo e colaboramos\u00a0 co\u00a0 <a href=\"http:\/\/www.atletismonaron.es\">Club Atletismo Nar\u00f3n<\/a> . Axud\u00e1monos e damos soporte de <a href=\"http:\/\/www.atletismonaron.es\/estrutura-tecnica\">estructura t\u00e9cnica<\/a> . Adem\u00e1is, danos posibilidades de alcanzar competici\u00f3ns Auton\u00f3micas e Nacionais.<\/p>\n<p><img loading=\"lazy\" class=\"alignnone wp-image-400 size-full\" src=\"https:\/\/www.entrenarunning.com\/wp-content\/uploads\/2022\/02\/Foto-Composici\u00f3n-Xavi-Y-Nar\u00f3n-Gallego-M\u00e1ster-PC-2022.png\" alt=\"\" width=\"1920\" height=\"1080\" srcset=\"https:\/\/www.entrenarunning.com\/wp-content\/uploads\/2022\/02\/Foto-Composici\u00f3n-Xavi-Y-Nar\u00f3n-Gallego-M\u00e1ster-PC-2022.png 1920w, https:\/\/www.entrenarunning.com\/wp-content\/uploads\/2022\/02\/Foto-Composici\u00f3n-Xavi-Y-Nar\u00f3n-Gallego-M\u00e1ster-PC-2022-300x169.png 300w, https:\/\/www.entrenarunning.com\/wp-content\/uploads\/2022\/02\/Foto-Composici\u00f3n-Xavi-Y-Nar\u00f3n-Gallego-M\u00e1ster-PC-2022-768x432.png 768w, https:\/\/www.entrenarunning.com\/wp-content\/uploads\/2022\/02\/Foto-Composici\u00f3n-Xavi-Y-Nar\u00f3n-Gallego-M\u00e1ster-PC-2022-1024x576.png 1024w\" sizes=\"(max-width: 706px) 89vw, (max-width: 767px) 82vw, 740px\" \/><\/p>\n<p><strong>Somos Clube !!!!\u00a0 <\/strong><\/p>\n<p><em>E o somos de Atletismo, de Deporte Adaptado (sen d\u00fabida,\u00a0 o noso proxecto m\u00e1is enriquecedor), somos tam\u00e9n Clube de Monta\u00f1a, da man das nosas Tartarugas, pero somos por riba de todo, Un clube de experiencias.<\/em><\/p>\n<p><img loading=\"lazy\" class=\"aligncenter wp-image-348 size-full\" src=\"https:\/\/www.entrenarunning.com\/wp-content\/uploads\/2022\/02\/IMG_2358.jpg\" alt=\"\" width=\"7391\" height=\"4927\" srcset=\"https:\/\/www.entrenarunning.com\/wp-content\/uploads\/2022\/02\/IMG_2358.jpg 7391w, https:\/\/www.entrenarunning.com\/wp-content\/uploads\/2022\/02\/IMG_2358-300x200.jpg 300w, https:\/\/www.entrenarunning.com\/wp-content\/uploads\/2022\/02\/IMG_2358-768x512.jpg 768w, https:\/\/www.entrenarunning.com\/wp-content\/uploads\/2022\/02\/IMG_2358-1024x683.jpg 1024w, https:\/\/www.entrenarunning.com\/wp-content\/uploads\/2022\/02\/IMG_2358-272x182.jpg 272w\" sizes=\"(max-width: 706px) 89vw, (max-width: 767px) 82vw, 740px\" \/><\/p>\n<p><a href=\"https:\/\/docs.google.com\/forms\/d\/e\/1FAIpQLSevFK_eqdhmjplh2RX2miir2RXYZM6-jtdal2NbHTS4JiFgfQ\/viewform\"><strong>Fed\u00e9rate con n\u00f3s !! <\/strong><\/a><\/p>\n<p>Dispo\u00f1emos de Licenza Nacional e Licenza Auton\u00f3mica, co soporte federativo, competitivo e seguro que elo sup\u00f3n. Os nosos t\u00e9cnicos acreditan a m\u00e1xima titulaci\u00f3n en Atletismo e dispo\u00f1en de\u00a0 M\u00e1ster Universitario en Actividades Deportivas.<\/p>\n<\/div>\n<div class=\"entry-content entry-content-single\">\n<ul>\n<li><a href=\"http:\/\/www.atletismo.gal\">Federaci\u00f3n Galega de Atletismo<\/a><\/li>\n<li><a href=\"http:\/\/www.fgda.gal\">Federaci\u00f3n Galega de Deporte Adaptado<\/a><\/li>\n<li><a href=\"http:\/\/www.fedgalmon.gal\">Federaci\u00f3n Galega de Monta\u00f1a<\/a><\/li>\n<li><a href=\"http:\/\/www.rfea.es\">Real Federaci\u00f3n Espa\u00f1ola de Atletismo<\/a><\/li>\n<\/ul>\n<p><img loading=\"lazy\" class=\"alignnone wp-image-419 size-full\" src=\"https:\/\/www.entrenarunning.com\/wp-content\/uploads\/2022\/02\/Equipos.png\" alt=\"\" width=\"1920\" height=\"764\" srcset=\"https:\/\/www.entrenarunning.com\/wp-content\/uploads\/2022\/02\/Equipos.png 1920w, https:\/\/www.entrenarunning.com\/wp-content\/uploads\/2022\/02\/Equipos-300x119.png 300w, https:\/\/www.entrenarunning.com\/wp-content\/uploads\/2022\/02\/Equipos-768x306.png 768w, https:\/\/www.entrenarunning.com\/wp-content\/uploads\/2022\/02\/Equipos-1024x407.png 1024w\" sizes=\"(max-width: 706px) 89vw, (max-width: 767px) 82vw, 740px\" \/><\/p>\n<p><img loading=\"lazy\" class=\"alignnone wp-image-421 size-full\" src=\"https:\/\/www.entrenarunning.com\/wp-content\/uploads\/2022\/02\/Podiums.jpg\" alt=\"\" width=\"1920\" height=\"768\" srcset=\"https:\/\/www.entrenarunning.com\/wp-content\/uploads\/2022\/02\/Podiums.jpg 1920w, https:\/\/www.entrenarunning.com\/wp-content\/uploads\/2022\/02\/Podiums-300x120.jpg 300w, https:\/\/www.entrenarunning.com\/wp-content\/uploads\/2022\/02\/Podiums-768x307.jpg 768w, https:\/\/www.entrenarunning.com\/wp-content\/uploads\/2022\/02\/Podiums-1024x410.jpg 1024w\" sizes=\"(max-width: 706px) 89vw, (max-width: 767px) 82vw, 740px\" \/><\/p>\n<p><img loading=\"lazy\" class=\"alignnone wp-image-423 size-full\" src=\"https:\/\/www.entrenarunning.com\/wp-content\/uploads\/2022\/02\/Chicas-3as.jpeg\" alt=\"\" width=\"1600\" height=\"1200\" srcset=\"https:\/\/www.entrenarunning.com\/wp-content\/uploads\/2022\/02\/Chicas-3as.jpeg 1600w, https:\/\/www.entrenarunning.com\/wp-content\/uploads\/2022\/02\/Chicas-3as-300x225.jpeg 300w, https:\/\/www.entrenarunning.com\/wp-content\/uploads\/2022\/02\/Chicas-3as-768x576.jpeg 768w, https:\/\/www.entrenarunning.com\/wp-content\/uploads\/2022\/02\/Chicas-3as-1024x768.jpeg 1024w\" sizes=\"(max-width: 706px) 89vw, (max-width: 767px) 82vw, 740px\" \/><\/p>\n<\/div>\n","protected":false},"excerpt":{"rendered":"<p>Desfruta de pertencer a un grupo. Entrena\u00a0 e compite en EQUIPO. Creemos no deporte\u00a0 e na forza que conlevan as uni\u00f3ns e as alianzas. Fruto desa alianza formamos equipa de atletismo e colaboramos\u00a0 co\u00a0 Club Atletismo Nar\u00f3n . Axud\u00e1monos e damos soporte de estructura t\u00e9cnica . Adem\u00e1is, danos posibilidades de alcanzar competici\u00f3ns Auton\u00f3micas e Nacionais. &hellip; <\/p>\n<p class=\"link-more\"><a href=\"https:\/\/www.entrenarunning.com\/?page_id=306\" class=\"more-link\">Continuar leyendo<span class=\"screen-reader-text\"> \u00abCLUB ENTRENARUNNING\u00bb<\/span><\/a><\/p>\n","protected":false},"author":1,"featured_media":0,"parent":0,"menu_order":0,"comment_status":"closed","ping_status":"closed","template":"","meta":[],"_links":{"self":[{"href":"https:\/\/www.entrenarunning.com\/index.php?rest_route=\/wp\/v2\/pages\/306"}],"collection":[{"href":"https:\/\/www.entrenarunning.com\/index.php?rest_route=\/wp\/v2\/pages"}],"about":[{"href":"https:\/\/www.entrenarunning.com\/index.php?rest_route=\/wp\/v2\/types\/page"}],"author":[{"embeddable":true,"href":"https:\/\/www.entrenarunning.com\/index.php?rest_route=\/wp\/v2\/users\/1"}],"replies":[{"embeddable":true,"href":"https:\/\/www.entrenarunning.com\/index.php?rest_route=%2Fwp%2Fv2%2Fcomments&post=306"}],"version-history":[{"count":31,"href":"https:\/\/www.entrenarunning.com\/index.php?rest_route=\/wp\/v2\/pages\/306\/revisions"}],"predecessor-version":[{"id":431,"href":"https:\/\/www.entrenarunning.com\/index.php?rest_route=\/wp\/v2\/pages\/306\/revisions\/431"}],"wp:attachment":[{"href":"https:\/\/www.entrenarunning.com\/index.php?rest_route=%2Fwp%2Fv2%2Fmedia&parent=306"}],"curies":[{"name":"wp","href":"https:\/\/api.w.org\/{rel}","templated":true}]}}