{"id":280,"date":"2020-04-13T22:13:11","date_gmt":"2020-04-13T22:13:11","guid":{"rendered":"https:\/\/www.entrenarunning.com\/?page_id=280"},"modified":"2020-04-13T22:13:11","modified_gmt":"2020-04-13T22:13:11","slug":"curriculum-ana-fiestras","status":"publish","type":"page","link":"https:\/\/www.entrenarunning.com\/?page_id=280","title":{"rendered":"Curriculum Ana Fiestras"},"content":{"rendered":"<div class=\"TitleContainer__TitleContent-sc-1iap5es-0 fIFjZe\">\n<div class=\"TitleContainer__TitleIconContent-sc-1iap5es-1 bvWuct\">\n<div class=\"TitleContainer__IconContainer-sc-1iap5es-2 kcuLSJ\">\n<div>\n<div class=\"jss129\" data-placement=\"top-center\">\n<p>&nbsp;<\/p>\n<\/div>\n<\/div>\n<\/div>\n<\/div>\n<\/div>\n<div><img loading=\"lazy\" class=\"alignnone wp-image-266 size-full\" src=\"https:\/\/www.entrenarunning.com\/wp-content\/uploads\/2020\/04\/Foto-Curr\u00edculum-Entrenarunning-Ana-Fiestras.png\" alt=\"\" width=\"1901\" height=\"985\" srcset=\"https:\/\/www.entrenarunning.com\/wp-content\/uploads\/2020\/04\/Foto-Curr\u00edculum-Entrenarunning-Ana-Fiestras.png 1901w, https:\/\/www.entrenarunning.com\/wp-content\/uploads\/2020\/04\/Foto-Curr\u00edculum-Entrenarunning-Ana-Fiestras-300x155.png 300w, https:\/\/www.entrenarunning.com\/wp-content\/uploads\/2020\/04\/Foto-Curr\u00edculum-Entrenarunning-Ana-Fiestras-768x398.png 768w, https:\/\/www.entrenarunning.com\/wp-content\/uploads\/2020\/04\/Foto-Curr\u00edculum-Entrenarunning-Ana-Fiestras-1024x531.png 1024w\" sizes=\"(max-width: 706px) 89vw, (max-width: 767px) 82vw, 740px\" \/><\/div>\n<div><\/div>\n<h1><a href=\"ana@fiestrasabogados.com\"><strong>Ana Fiestras<\/strong><\/a><\/h1>\n<p><strong>Entrenadora Nacional de Atletismo Nivel III<\/strong>, por la Escuela Nacional de Entrenadores de la <a href=\"https:\/\/www.rfea.es\/\">Real Federaci\u00f3n Espa\u00f1ola de Atletismo<\/a> y <strong>Atleta en Activo<\/strong>.<\/p>\n<p>Abogada, especializada en <strong>Derecho Deportivo<\/strong>.<\/p>\n<div>\n<p>Adem\u00e1s de asesorarnos desde su despacho en temas de Derecho Laboral y Recursos Humanos, lo hace en todo lo que tenga que ver con Familia, Sucesiones, Derecho Penal , Administrativo, etc&#8230;<\/p>\n<ul>\n<li>Jueza Nacional de Atletismo Nivel I<\/li>\n<li>Socorrista Federacion Gallega de salvamento e socorrismo ( FESSGA)<\/li>\n<li>Primeros auxilios Federacion Gallega de Salvamento e Socorrismo ( FESSGA).<\/li>\n<li>Open Water Diver.<\/li>\n<li>T\u00e9cnica con la Selecci\u00f3n Gallega de atletismo.<\/li>\n<li>Distintos cursos y seminarios referentes al entrenamiento, psicolog\u00eda deportiva,liderazgo de grupos, fuerza, resistencia, velocidad..<\/li>\n<\/ul>\n<\/div>\n<div><\/div>\n","protected":false},"excerpt":{"rendered":"<p>&nbsp; Ana Fiestras Entrenadora Nacional de Atletismo Nivel III, por la Escuela Nacional de Entrenadores de la Real Federaci\u00f3n Espa\u00f1ola de Atletismo y Atleta en Activo. Abogada, especializada en Derecho Deportivo. Adem\u00e1s de asesorarnos desde su despacho en temas de Derecho Laboral y Recursos Humanos, lo hace en todo lo que tenga que ver con &hellip; <\/p>\n<p class=\"link-more\"><a href=\"https:\/\/www.entrenarunning.com\/?page_id=280\" class=\"more-link\">Continuar leyendo<span class=\"screen-reader-text\"> \u00abCurriculum Ana Fiestras\u00bb<\/span><\/a><\/p>\n","protected":false},"author":1,"featured_media":0,"parent":0,"menu_order":0,"comment_status":"closed","ping_status":"closed","template":"","meta":[],"_links":{"self":[{"href":"https:\/\/www.entrenarunning.com\/index.php?rest_route=\/wp\/v2\/pages\/280"}],"collection":[{"href":"https:\/\/www.entrenarunning.com\/index.php?rest_route=\/wp\/v2\/pages"}],"about":[{"href":"https:\/\/www.entrenarunning.com\/index.php?rest_route=\/wp\/v2\/types\/page"}],"author":[{"embeddable":true,"href":"https:\/\/www.entrenarunning.com\/index.php?rest_route=\/wp\/v2\/users\/1"}],"replies":[{"embeddable":true,"href":"https:\/\/www.entrenarunning.com\/index.php?rest_route=%2Fwp%2Fv2%2Fcomments&post=280"}],"version-history":[{"count":1,"href":"https:\/\/www.entrenarunning.com\/index.php?rest_route=\/wp\/v2\/pages\/280\/revisions"}],"predecessor-version":[{"id":281,"href":"https:\/\/www.entrenarunning.com\/index.php?rest_route=\/wp\/v2\/pages\/280\/revisions\/281"}],"wp:attachment":[{"href":"https:\/\/www.entrenarunning.com\/index.php?rest_route=%2Fwp%2Fv2%2Fmedia&parent=280"}],"curies":[{"name":"wp","href":"https:\/\/api.w.org\/{rel}","templated":true}]}}