{"id":114,"date":"2020-04-02T20:03:34","date_gmt":"2020-04-02T20:03:34","guid":{"rendered":"https:\/\/www.entrenarunning.com\/?page_id=114"},"modified":"2022-06-22T19:18:32","modified_gmt":"2022-06-22T19:18:32","slug":"equipo","status":"publish","type":"page","link":"https:\/\/www.entrenarunning.com\/?page_id=114","title":{"rendered":"EQUIPO T\u00c9CNICO"},"content":{"rendered":"<h1><strong>Santi<\/strong><strong> Canicoba <\/strong><\/h1>\n<p>Alma m\u00e1ter de<strong> ENTRENA<span style=\"color: #ff0000;\">RUNNING<\/span><\/strong>.<strong>\u00a0 <\/strong><\/p>\n<p><strong>Adestrador Nacional de Atletismo Nivel III<\/strong>, pola Escola Nacional de Adestradores da <a href=\"https:\/\/www.rfea.es\/\">Real Federaci\u00f3n Espa\u00f1ola de Atletismo.<\/a><\/p>\n<p>M\u00e1ster Profesorado en F.P e Actividades Deportivas <a href=\"https:\/\/www.uned.es\/universidad\/inicio.html\">UNED<\/a><\/p>\n<p>Coordinador Deportivo de diferentes clubes.<br \/>\nInstructor Actividades Running no <a href=\"https:\/\/www.multiusos.net\/\"><strong>Multiusos Fontes do Sar<\/strong><\/a>.<\/p>\n<p><a href=\"https:\/\/www.entrenarunning.com\/?page_id=275\"><em>Leer + sobre\u00a0 Santi<\/em><\/a><\/p>\n<div><\/div>\n<div class=\"TitleContainer__TitleContent-sc-1iap5es-0 fIFjZe\">\n<div class=\"TitleContainer__TitleIconContent-sc-1iap5es-1 bvWuct\">\n<div class=\"TitleContainer__IconContainer-sc-1iap5es-2 kcuLSJ\">\n<div>\n<div class=\"jss129\" data-placement=\"top-center\">\n<p>&nbsp;<\/p>\n<\/div>\n<\/div>\n<\/div>\n<\/div>\n<\/div>\n<div><img loading=\"lazy\" class=\"alignnone wp-image-266 size-full\" src=\"https:\/\/www.entrenarunning.com\/wp-content\/uploads\/2020\/04\/Foto-Curr\u00edculum-Entrenarunning-Ana-Fiestras.png\" alt=\"\" width=\"1901\" height=\"985\" srcset=\"https:\/\/www.entrenarunning.com\/wp-content\/uploads\/2020\/04\/Foto-Curr\u00edculum-Entrenarunning-Ana-Fiestras.png 1901w, https:\/\/www.entrenarunning.com\/wp-content\/uploads\/2020\/04\/Foto-Curr\u00edculum-Entrenarunning-Ana-Fiestras-300x155.png 300w, https:\/\/www.entrenarunning.com\/wp-content\/uploads\/2020\/04\/Foto-Curr\u00edculum-Entrenarunning-Ana-Fiestras-768x398.png 768w, https:\/\/www.entrenarunning.com\/wp-content\/uploads\/2020\/04\/Foto-Curr\u00edculum-Entrenarunning-Ana-Fiestras-1024x531.png 1024w\" sizes=\"(max-width: 706px) 89vw, (max-width: 767px) 82vw, 740px\" \/><\/div>\n<div><\/div>\n<h1><strong>Ana Fiestras<\/strong><\/h1>\n<p><strong>Adestradora Nacional de Atletismo Nivel III<\/strong>, pola Escola Nacional de Adestradores da <a href=\"https:\/\/www.rfea.es\/\">Real Federaci\u00f3n Espa\u00f1ola de Atletismo<\/a> e <strong>Atleta en Activo<\/strong>.<\/p>\n<p>Avogada, especializada en <strong>Dereito Deportivo<\/strong>. Adem\u00e1is de asesorarnos en\u00a0 Dereito Laboral e Recursos Humanos, Familia, Dereito Penal, Administrativo, etc&#8230;<\/p>\n<div>\n<p><a href=\"https:\/\/www.entrenarunning.com\/?page_id=280\"><em>Leer + sobre Ana<\/em><\/a><\/p>\n<\/div>\n<div><\/div>\n<div><\/div>\n<div>\n<div><\/div>\n<div><img loading=\"lazy\" class=\"alignnone wp-image-170 size-full\" src=\"https:\/\/www.entrenarunning.com\/wp-content\/uploads\/2020\/04\/Collage-Santi-y-Sim\u00f3n.png\" alt=\"\" width=\"1748\" height=\"659\" srcset=\"https:\/\/www.entrenarunning.com\/wp-content\/uploads\/2020\/04\/Collage-Santi-y-Sim\u00f3n.png 1748w, https:\/\/www.entrenarunning.com\/wp-content\/uploads\/2020\/04\/Collage-Santi-y-Sim\u00f3n-300x113.png 300w, https:\/\/www.entrenarunning.com\/wp-content\/uploads\/2020\/04\/Collage-Santi-y-Sim\u00f3n-768x290.png 768w, https:\/\/www.entrenarunning.com\/wp-content\/uploads\/2020\/04\/Collage-Santi-y-Sim\u00f3n-1024x386.png 1024w\" sizes=\"(max-width: 706px) 89vw, (max-width: 767px) 82vw, 740px\" \/><\/div>\n<div class=\"TitleContainer__TitleContent-sc-1iap5es-0 fIFjZe\">\n<div class=\"TitleContainer__TitleIconContent-sc-1iap5es-1 bvWuct\">\n<div class=\"TitleContainer__IconContainer-sc-1iap5es-2 kcuLSJ\">\n<div>\n<div>\n<div aria-describedby=\"react-popper-tooltip\"><\/div>\n<\/div>\n<\/div>\n<\/div>\n<\/div>\n<\/div>\n<div class=\"TitleContainer__TitleContent-sc-1iap5es-0 fIFjZe\">\n<div class=\"TitleContainer__TitleIconContent-sc-1iap5es-1 bvWuct\">\n<h1><\/h1>\n<div class=\"TitleContainer__IconContainer-sc-1iap5es-2 kcuLSJ\">\n<div>\n<div class=\"jss129\" data-placement=\"top-center\">\n<h1><strong>Sim\u00f3n Brand\u00f3n <\/strong><\/h1>\n<p class=\"normal\"><span lang=\"es\">T\u00e9cnico superior en actividades f\u00edsicas e deportivas (TAFAD) Instituto Rosal\u00eda de Castro (Santiago de Compostela)<\/span><\/p>\n<p class=\"normal\"><span lang=\"es\">Monitor Nacional de Atletismo, pola Escola Nacional de Adestradores da Real Federaci\u00f3n Espa\u00f1ola de Atletismo. <\/span><\/p>\n<p><a href=\"https:\/\/www.entrenarunning.com\/?page_id=284\"><em>Leer +sobre Sim\u00f3n<\/em><\/a><\/p>\n<\/div>\n<\/div>\n<\/div>\n<\/div>\n<\/div>\n<\/div>\n<h1><span style=\"color: #ff0000;\"><em>Cubre o noso <a href=\"https:\/\/docs.google.com\/forms\/d\/e\/1FAIpQLSevFK_eqdhmjplh2RX2miir2RXYZM6-jtdal2NbHTS4JiFgfQ\/viewform?usp=sf_link\">Formulario<\/a> . Axudar\u00e9moste !!<\/em><\/span><\/h1>\n","protected":false},"excerpt":{"rendered":"<p>Santi Canicoba Alma m\u00e1ter de ENTRENARUNNING.\u00a0 Adestrador Nacional de Atletismo Nivel III, pola Escola Nacional de Adestradores da Real Federaci\u00f3n Espa\u00f1ola de Atletismo. M\u00e1ster Profesorado en F.P e Actividades Deportivas UNED Coordinador Deportivo de diferentes clubes. Instructor Actividades Running no Multiusos Fontes do Sar. Leer + sobre\u00a0 Santi &nbsp; Ana Fiestras Adestradora Nacional de Atletismo &hellip; <\/p>\n<p class=\"link-more\"><a href=\"https:\/\/www.entrenarunning.com\/?page_id=114\" class=\"more-link\">Continuar leyendo<span class=\"screen-reader-text\"> \u00abEQUIPO T\u00c9CNICO\u00bb<\/span><\/a><\/p>\n","protected":false},"author":1,"featured_media":162,"parent":0,"menu_order":0,"comment_status":"closed","ping_status":"closed","template":"","meta":[],"_links":{"self":[{"href":"https:\/\/www.entrenarunning.com\/index.php?rest_route=\/wp\/v2\/pages\/114"}],"collection":[{"href":"https:\/\/www.entrenarunning.com\/index.php?rest_route=\/wp\/v2\/pages"}],"about":[{"href":"https:\/\/www.entrenarunning.com\/index.php?rest_route=\/wp\/v2\/types\/page"}],"author":[{"embeddable":true,"href":"https:\/\/www.entrenarunning.com\/index.php?rest_route=\/wp\/v2\/users\/1"}],"replies":[{"embeddable":true,"href":"https:\/\/www.entrenarunning.com\/index.php?rest_route=%2Fwp%2Fv2%2Fcomments&post=114"}],"version-history":[{"count":42,"href":"https:\/\/www.entrenarunning.com\/index.php?rest_route=\/wp\/v2\/pages\/114\/revisions"}],"predecessor-version":[{"id":437,"href":"https:\/\/www.entrenarunning.com\/index.php?rest_route=\/wp\/v2\/pages\/114\/revisions\/437"}],"wp:featuredmedia":[{"embeddable":true,"href":"https:\/\/www.entrenarunning.com\/index.php?rest_route=\/wp\/v2\/media\/162"}],"wp:attachment":[{"href":"https:\/\/www.entrenarunning.com\/index.php?rest_route=%2Fwp%2Fv2%2Fmedia&parent=114"}],"curies":[{"name":"wp","href":"https:\/\/api.w.org\/{rel}","templated":true}]}}